{"id":1035,"date":"2023-10-30T11:26:40","date_gmt":"2023-10-30T14:26:40","guid":{"rendered":"https:\/\/medeirosenascimentosilva.com\/?page_id=1035"},"modified":"2023-10-31T14:36:17","modified_gmt":"2023-10-31T17:36:17","slug":"noticias-do-judiciario-1-0","status":"publish","type":"page","link":"https:\/\/medeirosenascimentosilva.com\/index.php\/home\/noticias-do-judiciario-1-0\/","title":{"rendered":"Not\u00edcias do Judici\u00e1rio"},"content":{"rendered":"\t\t<div data-elementor-type=\"wp-page\" data-elementor-id=\"1035\" class=\"elementor elementor-1035\">\n\t\t\t\t<div class=\"elementor-element elementor-element-2723e4e e-flex e-con-boxed e-con e-parent\" data-id=\"2723e4e\" data-element_type=\"container\" data-e-type=\"container\" data-settings=\"{&quot;background_background&quot;:&quot;classic&quot;}\">\n\t\t\t\t\t<div class=\"e-con-inner\">\n\t\t\t\t<div class=\"elementor-element elementor-element-c77b98c elementor-view-default elementor-widget elementor-widget-icon\" data-id=\"c77b98c\" data-element_type=\"widget\" data-e-type=\"widget\" data-widget_type=\"icon.default\">\n\t\t\t\t<div class=\"elementor-widget-container\">\n\t\t\t\t\t\t\t<div class=\"elementor-icon-wrapper\">\n\t\t\t<div class=\"elementor-icon\">\n\t\t\t<i aria-hidden=\"true\" class=\"icon icon-bullhorn\"><\/i>\t\t\t<\/div>\n\t\t<\/div>\n\t\t\t\t\t\t<\/div>\n\t\t\t\t<\/div>\n\t\t\t\t<div class=\"elementor-element elementor-element-82646e7 elementor-widget elementor-widget-heading\" data-id=\"82646e7\" data-element_type=\"widget\" data-e-type=\"widget\" data-widget_type=\"heading.default\">\n\t\t\t\t<div class=\"elementor-widget-container\">\n\t\t\t\t\t<h2 class=\"elementor-heading-title elementor-size-default\">Not\u00edcias do Judic\u00ed\u00e1rio\u200b<\/h2>\t\t\t\t<\/div>\n\t\t\t\t<\/div>\n\t\t\t\t\t<\/div>\n\t\t\t\t<\/div>\n\t\t<div class=\"elementor-element elementor-element-2e03d39 e-flex e-con-boxed e-con e-parent\" data-id=\"2e03d39\" data-element_type=\"container\" data-e-type=\"container\" data-settings=\"{&quot;background_background&quot;:&quot;classic&quot;}\">\n\t\t\t\t\t<div class=\"e-con-inner\">\n\t\t<div class=\"elementor-element elementor-element-a7ec141 e-con-full e-flex e-con e-child\" data-id=\"a7ec141\" data-element_type=\"container\" data-e-type=\"container\">\n\t\t\t\t<div class=\"elementor-element elementor-element-3528229 animated-slow elementor-invisible elementor-widget elementor-widget-wp-widget-rss\" data-id=\"3528229\" data-element_type=\"widget\" data-e-type=\"widget\" data-settings=\"{&quot;_animation&quot;:&quot;fadeIn&quot;}\" data-widget_type=\"wp-widget-rss.default\">\n\t\t\t\t<div class=\"elementor-widget-container\">\n\t\t\t\t\t<h5><a class=\"rsswidget rss-widget-feed\" href=\"https:\/\/www.conjur.com.br\/rss.xml\"><img decoding=\"async\" class=\"rss-widget-icon\" style=\"border:0\" width=\"14\" height=\"14\" src=\"https:\/\/medeirosenascimentosilva.com\/wp-includes\/images\/rss.png\" alt=\"RSS\" \/><\/a> <a class=\"rsswidget rss-widget-title\" href=\"https:\/\/www.conjur.com.br\/\">Consultor Jur\u00eddico<\/a><\/h5><ul><li><a class='rsswidget' href='https:\/\/www.conjur.com.br\/2026-abr-17\/igreja-deve-pagar-indenizacao-por-fraude-cometida-por-pastores\/'>Igreja \u00e9 respons\u00e1vel por fraude cometida por pastores, decide TJ-RS<\/a> <span class=\"rss-date\">17\/04\/2026<\/span><div class=\"rssSummary\">Institui\u00e7\u00f5es religiosas podem ser responsabilizadas civilmente quando seus representantes se valem da confian\u00e7a dos fi\u00e9is para a pr\u00e1tica de fraudes, especialmente nos casos em que se verifica falha na fiscaliza\u00e7\u00e3o ou na escolha desses agentes. Com esse entendimento, a 10\u00aa C\u00e2mara C\u00edvel do Tribunal de Justi\u00e7a do Rio Grande do Sul reconheceu a responsabilidade civil [&hellip;]<\/div> <cite>Sem autor<\/cite><\/li><li><a class='rsswidget' href='https:\/\/www.conjur.com.br\/2026-abr-17\/cambismo-e-mercado-secundario-de-ingressos-ha-crime-sempre-a-fronteira-entre-a-atipicidade-e-o-ilicito\/'>\u2018Cambismo\u2019 e mercado secund\u00e1rio de ingressos: entre a atipicidade e o il\u00edcito<\/a> <span class=\"rss-date\">17\/04\/2026<\/span><div class=\"rssSummary\">Como grande f\u00e3 da banda australiana AC\/DC, comprei ingressos para dois dias de shows (a banda realizou tr\u00eas para S\u00e3o Paulo). Um seria numa ter\u00e7a-feira e outro num s\u00e1bado. Na v\u00e9spera do show da ter\u00e7a, a movimenta\u00e7\u00e3o em um processo me for\u00e7ou a fazer uma viagem a trabalho de dois dias, com retorno, portanto, ap\u00f3s [&hellip;]<\/div> <cite>Rafael Valentini<\/cite><\/li><li><a class='rsswidget' href='https:\/\/www.conjur.com.br\/2026-abr-17\/importancia-do-laboratorio-justica-criminal-reparacao-e-nao-repeticao\/'>Import\u00e2ncia do Laborat\u00f3rio Justi\u00e7a Criminal, Repara\u00e7\u00e3o e N\u00e3o Repeti\u00e7\u00e3o<\/a> <span class=\"rss-date\">17\/04\/2026<\/span><div class=\"rssSummary\">Falar sobre justi\u00e7a criminal \u00e9, antes de tudo, falar sobre responsabilidade. Responsabilidade com a Constitui\u00e7\u00e3o; responsabilidade com os direitos fundamentais e, sobretudo, responsabilidade com as pessoas concretas que s\u00e3o alcan\u00e7adas pelas decis\u00f5es do Estado. Spacca A hist\u00f3ria do processo penal brasileiro \u00e9 feita de avan\u00e7os importantes. Mas \u00e9 tamb\u00e9m marcada por epis\u00f3dios dolorosos, que revelam [&hellip;]<\/div> <cite>Sebasti\u00e3o Reis J\u00fanior<\/cite><\/li><li><a class='rsswidget' href='https:\/\/www.conjur.com.br\/2026-abr-17\/um-mes-de-eca-digital-falacias-desafios-e-caminhos-a-frente\/'>Um m\u00eas de ECA Digital: fal\u00e1cias, desafios e caminhos \u00e0 frente<\/a> <span class=\"rss-date\">17\/04\/2026<\/span><div class=\"rssSummary\">Com a entrada em vigor do ECA Digital, em 17 de mar\u00e7o de 2026, o Brasil passa ter a legisla\u00e7\u00e3o protetiva de crian\u00e7as e adolescentes na internet mais abrangente e ambiciosa entre todos os pa\u00edses. Como nesta semana a vig\u00eancia da lei completa um m\u00eas, vale analisar os avan\u00e7os obtidos com a norma, assim como [&hellip;]<\/div> <cite>Ricardo Lins Horta<\/cite><\/li><li><a class='rsswidget' href='https:\/\/www.conjur.com.br\/2026-abr-16\/autoridade-portuaria-e-condenada-a-indenizar-usuaria-de-catraia-atingida-por-bloco-de-concreto\/'>Autoridade portu\u00e1ria \u00e9 condenada a indenizar usu\u00e1ria de catraia atingida por bloco de concreto<\/a> <span class=\"rss-date\">17\/04\/2026<\/span><div class=\"rssSummary\">A potencialidade do acidente para causar resultado tr\u00e1gico justifica o aumento da indeniza\u00e7\u00e3o por danos morais, independentemente do desfecho. Com essa pondera\u00e7\u00e3o, por maioria de votos, a 10\u00aa Turma Recursal dos Juizados Especiais Federais da 3\u00aa Regi\u00e3o elevou para R$ 20 mil a indeniza\u00e7\u00e3o a ser paga pela Autoridade Portu\u00e1ria de Santos a uma passageira [&hellip;]<\/div> <cite>Eduardo Velozo Fuccia<\/cite><\/li><\/ul>\t\t\t\t<\/div>\n\t\t\t\t<\/div>\n\t\t\t\t<\/div>\n\t\t<div class=\"elementor-element elementor-element-5b4335a e-con-full e-flex e-con e-child\" data-id=\"5b4335a\" data-element_type=\"container\" data-e-type=\"container\">\n\t\t\t\t<div class=\"elementor-element elementor-element-0453062 animated-slow elementor-invisible elementor-widget elementor-widget-wp-widget-rss\" data-id=\"0453062\" data-element_type=\"widget\" data-e-type=\"widget\" data-settings=\"{&quot;_animation&quot;:&quot;fadeIn&quot;}\" data-widget_type=\"wp-widget-rss.default\">\n\t\t\t\t<div class=\"elementor-widget-container\">\n\t\t\t\t\t<h5><a class=\"rsswidget rss-widget-feed\" href=\"https:\/\/www.jusbrasil.com.br\/noticias\/rss\"><img decoding=\"async\" class=\"rss-widget-icon\" style=\"border:0\" width=\"14\" height=\"14\" src=\"https:\/\/medeirosenascimentosilva.com\/wp-includes\/images\/rss.png\" alt=\"RSS\" \/><\/a> <a class=\"rsswidget rss-widget-title\" href=\"https:\/\/www.jusbrasil.com.br\/noticias\/\">Jusbrasil Not\u00edcias<\/a><\/h5><ul><li><a class='rsswidget' href='https:\/\/ibdfam.jusbrasil.com.br\/noticias\/5828071034\/tjsc-autoriza-multa-por-descumprimento-de-regime-de-convivencia'>TJSC autoriza multa por descumprimento de regime de conviv\u00eancia<\/a> <span class=\"rss-date\">10\/04\/2026<\/span><div class=\"rssSummary\">TJSC autoriza multa por descumprimento de regime de conviv\u00eancia - 1 semana atr\u00e1s Data: 10\/04\/2026 A 9\u00aa C\u00e2mara de Direito Civil do Tribunal de Justi\u00e7a de Santa Catarina \u2013 TJSC deu provimento a um recurso de apela\u00e7\u00e3o para permitir a continuidade de um cumprimento de senten\u00e7a que envolve o regime de conviv\u00eancia entre pai e [&hellip;]<\/div><\/li><li><a class='rsswidget' href='https:\/\/trt-5.jusbrasil.com.br\/noticias\/5831421009\/pje-passara-por-atualizacao-e-ficara-indisponivel-na-quinta-16-04-a-partir-das-17h'>PJe passar\u00e1 por atualiza\u00e7\u00e3o e ficar\u00e1 indispon\u00edvel na quinta (16\/04), a partir das 17h<\/a> <span class=\"rss-date\">10\/04\/2026<\/span><div class=\"rssSummary\">PJe passar\u00e1 por atualiza\u00e7\u00e3o e ficar\u00e1 indispon\u00edvel na quinta (16\/04), a partir ... - 1 semana atr\u00e1s Data: 10\/04\/2026 A Secretaria de Tecnologia da Informa\u00e7\u00e3o e Comunica\u00e7\u00f5es (Setic) do TRT-BA comunica que o Sistema de Processo Judicial Eletr\u00f4nico (PJe) e seus sistemas sat\u00e9lites ficar\u00e3o indispon\u00edveis na pr\u00f3xima quinta-feira (16\/4), a partir das 17h, em raz\u00e3o [&hellip;]<\/div><\/li><li><a class='rsswidget' href='https:\/\/mp-rj.jusbrasil.com.br\/noticias\/5828048640\/gaesf-mprj-ajuiza-acao-contra-banco-master-rioprevidencia-e-o-estado-e-pede-o-bloqueio-de-bens-para-ressarcimento-de-mais-de-r-1-bilhao'>GAESF\/MPRJ aju\u00edza a\u00e7\u00e3o contra Banco Master, RioPrevid\u00eancia e o Estado e pede o bloqueio de bens para ressarcimento de mais de R$ 1 bilh\u00e3o<\/a> <span class=\"rss-date\">10\/04\/2026<\/span><div class=\"rssSummary\">GAESF\/MPRJ aju\u00edza a\u00e7\u00e3o contra Banco Master, RioPrevid\u00eancia e o Estado e pede o ... - 1 semana atr\u00e1s Data: 10\/04\/2026 O Grupo de Atua\u00e7\u00e3o Especializada de Defesa da Integridade e Repress\u00e3o \u00e0 Sonega\u00e7\u00e3o Fiscal (GAESF\/MPRJ) ajuizou a\u00e7\u00e3o civil p\u00fablica contra o Banco Master S.A., em liquida\u00e7\u00e3o extrajudicial, e outros envolvidos, para evitar um preju\u00edzo estimado [&hellip;]<\/div><\/li><li><a class='rsswidget' href='https:\/\/trf-2.jusbrasil.com.br\/noticias\/5814135251\/trf2-informa-valores-de-precatorios-estarao-disponiveis-para-saque-a-partir-de-13-de-abril-de-2026'>TRF2 informa: valores de precat\u00f3rios estar\u00e3o dispon\u00edveis para saque a partir de 13 de abril de 2026<\/a> <span class=\"rss-date\">08\/04\/2026<\/span><div class=\"rssSummary\">TRF2 informa: valores de precat\u00f3rios estar\u00e3o dispon\u00edveis para saque a partir de ... - 1 semana atr\u00e1s Data: 08\/04\/2026 O Tribunal Regional Federal da 2\u00aa Regi\u00e3o informa que os valores referentes aos precat\u00f3rios da proposta de 2026 estar\u00e3o dispon\u00edveis para levantamento a partir do dia 13 de abril de 2026. A libera\u00e7\u00e3o abrange os precat\u00f3rios [&hellip;]<\/div><\/li><li><a class='rsswidget' href='https:\/\/stj.jusbrasil.com.br\/noticias\/5801203382\/quarta-turma-autoriza-troca-do-sobrenome-materno-pelo-dos-pais-socioafetivos-em-caso-de-multiparentalidade'>Quarta Turma autoriza troca do sobrenome materno pelo dos pais socioafetivos em caso de multiparentalidade<\/a> <span class=\"rss-date\">06\/04\/2026<\/span><div class=\"rssSummary\">Quarta Turma autoriza troca do sobrenome materno pelo dos pais socioafetivos em ... - 1 semana atr\u00e1s Data: 06\/04\/2026 A Quarta Turma do Superior Tribunal de Justi\u00e7a (STJ) autorizou que uma pessoa maior de idade exclua o sobrenome de sua m\u00e3e biol\u00f3gica da composi\u00e7\u00e3o do seu nome no assento do registro civil e inclua os [&hellip;]<\/div><\/li><\/ul>\t\t\t\t<\/div>\n\t\t\t\t<\/div>\n\t\t\t\t<\/div>\n\t\t\t\t\t<\/div>\n\t\t\t\t<\/div>\n\t\t\t\t<\/div>\n\t\t","protected":false},"excerpt":{"rendered":"<p>Not\u00edcias do Judic\u00ed\u00e1rio\u200b<\/p>\n","protected":false},"author":2,"featured_media":0,"parent":927,"menu_order":0,"comment_status":"closed","ping_status":"closed","template":"elementor_header_footer","meta":{"footnotes":""},"class_list":["post-1035","page","type-page","status-publish","hentry"],"_links":{"self":[{"href":"https:\/\/medeirosenascimentosilva.com\/index.php\/wp-json\/wp\/v2\/pages\/1035","targetHints":{"allow":["GET"]}}],"collection":[{"href":"https:\/\/medeirosenascimentosilva.com\/index.php\/wp-json\/wp\/v2\/pages"}],"about":[{"href":"https:\/\/medeirosenascimentosilva.com\/index.php\/wp-json\/wp\/v2\/types\/page"}],"author":[{"embeddable":true,"href":"https:\/\/medeirosenascimentosilva.com\/index.php\/wp-json\/wp\/v2\/users\/2"}],"replies":[{"embeddable":true,"href":"https:\/\/medeirosenascimentosilva.com\/index.php\/wp-json\/wp\/v2\/comments?post=1035"}],"version-history":[{"count":11,"href":"https:\/\/medeirosenascimentosilva.com\/index.php\/wp-json\/wp\/v2\/pages\/1035\/revisions"}],"predecessor-version":[{"id":1050,"href":"https:\/\/medeirosenascimentosilva.com\/index.php\/wp-json\/wp\/v2\/pages\/1035\/revisions\/1050"}],"up":[{"embeddable":true,"href":"https:\/\/medeirosenascimentosilva.com\/index.php\/wp-json\/wp\/v2\/pages\/927"}],"wp:attachment":[{"href":"https:\/\/medeirosenascimentosilva.com\/index.php\/wp-json\/wp\/v2\/media?parent=1035"}],"curies":[{"name":"wp","href":"https:\/\/api.w.org\/{rel}","templated":true}]}}